{"id":1015,"date":"2020-10-14T02:32:15","date_gmt":"2020-10-13T23:32:15","guid":{"rendered":"https:\/\/kirjataht.ee\/using-cookies\/"},"modified":"2021-05-03T22:36:31","modified_gmt":"2021-05-03T19:36:31","slug":"%d0%b8%d1%81%d0%bf%d0%be%d0%bb%d1%8c%d0%b7%d0%be%d0%b2%d0%b0%d0%bd%d0%b8%d0%b5-%d0%ba%d1%83%d0%ba%d0%b8-%d1%84%d0%b0%d0%b9%d0%bb%d0%be%d0%b2","status":"publish","type":"page","link":"https:\/\/kirjataht.ee\/ru\/%d0%b8%d1%81%d0%bf%d0%be%d0%bb%d1%8c%d0%b7%d0%be%d0%b2%d0%b0%d0%bd%d0%b8%d0%b5-%d0%ba%d1%83%d0%ba%d0%b8-%d1%84%d0%b0%d0%b9%d0%bb%d0%be%d0%b2\/","title":{"rendered":"\u0418\u0441\u043f\u043e\u043b\u044c\u0437\u043e\u0432\u0430\u043d\u0438\u0435 \u043a\u0443\u043a\u0438-\u0444\u0430\u0439\u043b\u043e\u0432"},"content":{"rendered":"<div id='av-layout-grid-1'  class='av-layout-grid-container entry-content-wrapper main_color av-flex-cells     avia-builder-el-0  el_before_av_section  avia-builder-el-first  container_wrap fullsize' style=' '  >\n<div class=\"flex_cell no_margin av_one_third  avia-builder-el-1  el_before_av_cell_one_third  avia-builder-el-first   \"  style='background: #0079e4; vertical-align:top; padding:5px; background-color:#0079e4; ' ><div class='flex_cell_inner' ><\/div><\/div><div class=\"flex_cell no_margin av_one_third  avia-builder-el-2  el_after_av_cell_one_third  el_before_av_cell_one_third   \"  style='background: #0058aa; vertical-align:top; padding:5px; background-color:#0058aa; ' ><div class='flex_cell_inner' ><\/div><\/div><div class=\"flex_cell no_margin av_one_third  avia-builder-el-3  el_after_av_cell_one_third  avia-builder-el-last   \"  style='background: #ffcf14; vertical-align:top; padding:5px; background-color:#ffcf14; ' ><div class='flex_cell_inner' ><\/div><\/div>\n<\/div>\n<div id='av_section_1'  class='avia-section main_color avia-section-default avia-no-border-styling  avia-bg-style-scroll  avia-builder-el-4  el_after_av_layout_row  avia-builder-el-last   container_wrap fullsize' style=' '  ><div class='container' ><div class='template-page content  av-content-full alpha units'><div class='post-entry post-entry-type-page post-entry-1015'><div class='entry-content-wrapper clearfix'>\n<div  style='padding-bottom:10px; ' class='av-special-heading av-special-heading-h1  blockquote modern-quote  avia-builder-el-5  el_before_av_hr  avia-builder-el-first  '><h1 class='av-special-heading-tag '  itemprop=\"headline\"  >\u0418\u0441\u043f\u043e\u043b\u044c\u0437\u043e\u0432\u0430\u043d\u0438\u0435 \u043a\u0443\u043a\u0438-\u0444\u0430\u0439\u043b\u043e\u0432<\/h1><div class='special-heading-border'><div class='special-heading-inner-border' ><\/div><\/div><\/div>\n<div  style=' margin-top:5px; margin-bottom:30px;'  class='hr hr-custom hr-left hr-icon-no   avia-builder-el-6  el_after_av_heading  el_before_av_textblock '><span class='hr-inner  inner-border-av-border-fat' style=' width:40%; border-color:#0058aa;' ><span class='hr-inner-style'><\/span><\/span><\/div>\n<section class=\"av_textblock_section \"  itemscope=\"itemscope\" itemtype=\"https:\/\/schema.org\/CreativeWork\" ><div class='avia_textblock  '   itemprop=\"text\" ><h3><strong>Kasutades Kirjat\u00e4ht O\u00dc veebilehte, n\u00f5ustute k\u00fcpsiste kasutamisega.<\/strong><\/h3>\n<p>Kirjat\u00e4ht O\u00dc veebilehel kasutatakse k\u00fcpsiseid, eesm\u00e4rgiga tagada parem kasutajakogemus ja efektiivsem turundustegevus ning koguda kasutusstatistikat.<\/p>\n<p>Kasutades Kirjat\u00e4ht O\u00dc veebilehte, n\u00f5ustub kasutaja k\u00fcpsiste kasutamisega k\u00e4esolevas korras kirjeldatud viisil.<\/p>\n<p>K\u00fcpsis on v\u00e4ike tekstifail, mille veebilehitseja automaatselt kasutaja poolt kasutatavasse seadmesse salvestab. K\u00fcpsised v\u00f5ivad olla loodud erinevate teenusepakkujate poolt, n\u00e4iteks Google ja Facebook. K\u00fcpsisefailid ei ole arvuti jaoks ohtlikud.<\/p>\n<p>K\u00fcpsiseid on kahte t\u00fc\u00fcpi:<\/p>\n<p>P\u00fcsivaid k\u00fcpsiseid, mis j\u00e4\u00e4vad kasutaja arvutis olevasse k\u00fcpsiste faili p\u00fcsivalt. Neid v\u00f5idakse kasutada n\u00e4iteks kasutaja kui veebilehe korduvk\u00fclastaja \u00e4ratundmiseks ja veebilehe sisu kohandamiseks vastavalt kasutaja vajadustele v\u00f5i statistiliste andmete kogumiseks.<br \/>\nSeansik\u00fcpsised on ajutised ja kaovad, kui kasutaja veebilehelt lahkub v\u00f5i oma veebilehitseja sulgeb. Seansik\u00fcpsiseid v\u00f5idakse kasutada veebilehe teatud funktsioonide, n\u00e4iteks teenuse v\u00f5i toote taotlemise jms v\u00f5imaldamiseks.<br \/>\nK\u00fcpsiseid kasutatakse teabe kogumiseks selle kohta, kuidas veebilehte kasutatakse, et seda kasutajatele isiklikumaks ja kasutajas\u00f5bralikumaks muuta. Lisaks aitavad k\u00fcpsised koguda kasutajastatistikat, mis v\u00f5imaldab m\u00f5\u00f5ta ja parandada veebilehe toimivust ning annab alusandmed, et viia l\u00e4bi efektiivne turundustegevus.<\/p>\n<p>Kasutaja loetakse k\u00fcpsistega n\u00f5ustunuks, kui tema veebilehitseja seadistustes on k\u00fcpsised lubatud. Tihtipeale veebilehitsejad lubavad vaikimisi k\u00fcpsisefailide s\u00e4ilitamist seadmesse. Kasutaja v\u00f5ib oma seadmes k\u00fcpsiste kasutamise \u00e4ra keelata v\u00f5i need kustutada, muutes oma veebilehitseja vastavaid seadeid. K\u00fcpsiste mittekasutamisel ei pruugi veebileht korrektselt t\u00f6\u00f6tada. Juhiseid veebilehitsejast k\u00fcpsiste kustutamiseks ja seadistamiseks leiab n\u00e4iteks siit:\u00a0<a href=\"https:\/\/support.google.com\/chrome\/answer\/95647?hl=en\" target=\"_blank\" rel=\"noopener noreferrer\">Chrome<\/a>,\u00a0<a href=\"https:\/\/support.microsoft.com\/en-us\/help\/278835\/how-to-delete-cookie-files-in-internet-explorer\" target=\"_blank\" rel=\"noopener noreferrer\">Internet Explorer<\/a>.<\/p>\n<p>Kasutusstatistika kogumiseks kasutab Kirjat\u00e4ht O\u00dc Google Analytics teenust, kogudes andmeid k\u00fclastatud alalehtede, k\u00fclastusaja, k\u00fclastuste arvu, kasutatavate seadmete, sisenemiskanalite ja muu statistika kohta.<\/p>\n<p>Google Analytics v\u00f5ib siiski koguda andmeid kasutajate aktiivsuse kohta ka ilma k\u00fcpsisefaile kasutamata. Selleks, et Google Analytics ei saaks andmeid kasutada, saab kasutaja paigaldada oma seadmesse Google Analytics\u2019i blokeeriva rakenduse:\u00a0<a href=\"https:\/\/tools.google.com\/dlpage\/gaoptout?hl=en\" target=\"_blank\" rel=\"noopener noreferrer\">Google Analyticsist loobumise brauserilaiend<\/a>.<\/p>\n<\/div><\/section>\n\n","protected":false},"excerpt":{"rendered":"","protected":false},"author":1,"featured_media":0,"parent":0,"menu_order":0,"comment_status":"closed","ping_status":"closed","template":"","meta":{"footnotes":""},"class_list":["post-1015","page","type-page","status-publish","hentry"],"yoast_head":"<!-- This site is optimized with the Yoast SEO plugin v27.4 - https:\/\/yoast.com\/product\/yoast-seo-wordpress\/ -->\n<title>\u0418\u0441\u043f\u043e\u043b\u044c\u0437\u043e\u0432\u0430\u043d\u0438\u0435 \u043a\u0443\u043a\u0438-\u0444\u0430\u0439\u043b\u043e\u0432 - Kirjat\u00e4ht O\u00dc<\/title>\n<meta name=\"robots\" content=\"index, follow, max-snippet:-1, max-image-preview:large, max-video-preview:-1\" \/>\n<link rel=\"canonical\" href=\"https:\/\/kirjataht.ee\/ru\/\u0438\u0441\u043f\u043e\u043b\u044c\u0437\u043e\u0432\u0430\u043d\u0438\u0435-\u043a\u0443\u043a\u0438-\u0444\u0430\u0439\u043b\u043e\u0432\/\" \/>\n<meta property=\"og:locale\" content=\"ru_RU\" \/>\n<meta property=\"og:type\" content=\"article\" \/>\n<meta property=\"og:title\" content=\"\u0418\u0441\u043f\u043e\u043b\u044c\u0437\u043e\u0432\u0430\u043d\u0438\u0435 \u043a\u0443\u043a\u0438-\u0444\u0430\u0439\u043b\u043e\u0432 - Kirjat\u00e4ht O\u00dc\" \/>\n<meta property=\"og:url\" content=\"https:\/\/kirjataht.ee\/ru\/\u0438\u0441\u043f\u043e\u043b\u044c\u0437\u043e\u0432\u0430\u043d\u0438\u0435-\u043a\u0443\u043a\u0438-\u0444\u0430\u0439\u043b\u043e\u0432\/\" \/>\n<meta property=\"og:site_name\" content=\"Kirjat\u00e4ht O\u00dc\" \/>\n<meta property=\"article:publisher\" content=\"https:\/\/www.facebook.com\/kirjataht\/\" \/>\n<meta property=\"article:modified_time\" content=\"2021-05-03T19:36:31+00:00\" \/>\n<meta name=\"twitter:card\" content=\"summary_large_image\" \/>\n<meta name=\"twitter:label1\" content=\"\u041f\u0440\u0438\u043c\u0435\u0440\u043d\u043e\u0435 \u0432\u0440\u0435\u043c\u044f \u0434\u043b\u044f \u0447\u0442\u0435\u043d\u0438\u044f\" \/>\n\t<meta name=\"twitter:data1\" content=\"5 \u043c\u0438\u043d\u0443\u0442\" \/>\n<script type=\"application\/ld+json\" class=\"yoast-schema-graph\">{\"@context\":\"https:\\\/\\\/schema.org\",\"@graph\":[{\"@type\":\"WebPage\",\"@id\":\"https:\\\/\\\/kirjataht.ee\\\/ru\\\/%d0%b8%d1%81%d0%bf%d0%be%d0%bb%d1%8c%d0%b7%d0%be%d0%b2%d0%b0%d0%bd%d0%b8%d0%b5-%d0%ba%d1%83%d0%ba%d0%b8-%d1%84%d0%b0%d0%b9%d0%bb%d0%be%d0%b2\\\/\",\"url\":\"https:\\\/\\\/kirjataht.ee\\\/ru\\\/%d0%b8%d1%81%d0%bf%d0%be%d0%bb%d1%8c%d0%b7%d0%be%d0%b2%d0%b0%d0%bd%d0%b8%d0%b5-%d0%ba%d1%83%d0%ba%d0%b8-%d1%84%d0%b0%d0%b9%d0%bb%d0%be%d0%b2\\\/\",\"name\":\"\u0418\u0441\u043f\u043e\u043b\u044c\u0437\u043e\u0432\u0430\u043d\u0438\u0435 \u043a\u0443\u043a\u0438-\u0444\u0430\u0439\u043b\u043e\u0432 - Kirjat\u00e4ht O\u00dc\",\"isPartOf\":{\"@id\":\"https:\\\/\\\/kirjataht.ee\\\/#website\"},\"datePublished\":\"2020-10-13T23:32:15+00:00\",\"dateModified\":\"2021-05-03T19:36:31+00:00\",\"breadcrumb\":{\"@id\":\"https:\\\/\\\/kirjataht.ee\\\/ru\\\/%d0%b8%d1%81%d0%bf%d0%be%d0%bb%d1%8c%d0%b7%d0%be%d0%b2%d0%b0%d0%bd%d0%b8%d0%b5-%d0%ba%d1%83%d0%ba%d0%b8-%d1%84%d0%b0%d0%b9%d0%bb%d0%be%d0%b2\\\/#breadcrumb\"},\"inLanguage\":\"ru-RU\",\"potentialAction\":[{\"@type\":\"ReadAction\",\"target\":[\"https:\\\/\\\/kirjataht.ee\\\/ru\\\/%d0%b8%d1%81%d0%bf%d0%be%d0%bb%d1%8c%d0%b7%d0%be%d0%b2%d0%b0%d0%bd%d0%b8%d0%b5-%d0%ba%d1%83%d0%ba%d0%b8-%d1%84%d0%b0%d0%b9%d0%bb%d0%be%d0%b2\\\/\"]}]},{\"@type\":\"BreadcrumbList\",\"@id\":\"https:\\\/\\\/kirjataht.ee\\\/ru\\\/%d0%b8%d1%81%d0%bf%d0%be%d0%bb%d1%8c%d0%b7%d0%be%d0%b2%d0%b0%d0%bd%d0%b8%d0%b5-%d0%ba%d1%83%d0%ba%d0%b8-%d1%84%d0%b0%d0%b9%d0%bb%d0%be%d0%b2\\\/#breadcrumb\",\"itemListElement\":[{\"@type\":\"ListItem\",\"position\":1,\"name\":\"Home\",\"item\":\"https:\\\/\\\/kirjataht.ee\\\/ru\\\/%d0%b3%d0%bb%d0%b0%d0%b2%d0%bd%d0%b0%d1%8f\\\/\"},{\"@type\":\"ListItem\",\"position\":2,\"name\":\"\u0418\u0441\u043f\u043e\u043b\u044c\u0437\u043e\u0432\u0430\u043d\u0438\u0435 \u043a\u0443\u043a\u0438-\u0444\u0430\u0439\u043b\u043e\u0432\"}]},{\"@type\":\"WebSite\",\"@id\":\"https:\\\/\\\/kirjataht.ee\\\/#website\",\"url\":\"https:\\\/\\\/kirjataht.ee\\\/\",\"name\":\"Kirjat\u00e4ht O\u00dc\",\"description\":\"\",\"publisher\":{\"@id\":\"https:\\\/\\\/kirjataht.ee\\\/#organization\"},\"potentialAction\":[{\"@type\":\"SearchAction\",\"target\":{\"@type\":\"EntryPoint\",\"urlTemplate\":\"https:\\\/\\\/kirjataht.ee\\\/?s={search_term_string}\"},\"query-input\":{\"@type\":\"PropertyValueSpecification\",\"valueRequired\":true,\"valueName\":\"search_term_string\"}}],\"inLanguage\":\"ru-RU\"},{\"@type\":\"Organization\",\"@id\":\"https:\\\/\\\/kirjataht.ee\\\/#organization\",\"name\":\"Kirjat\u00e4ht O\u00dc\",\"url\":\"https:\\\/\\\/kirjataht.ee\\\/\",\"logo\":{\"@type\":\"ImageObject\",\"inLanguage\":\"ru-RU\",\"@id\":\"https:\\\/\\\/kirjataht.ee\\\/#\\\/schema\\\/logo\\\/image\\\/\",\"url\":\"https:\\\/\\\/kirjataht.ee\\\/wp-content\\\/uploads\\\/2025\\\/06\\\/kirjataht-logo-250616-03.svg\",\"contentUrl\":\"https:\\\/\\\/kirjataht.ee\\\/wp-content\\\/uploads\\\/2025\\\/06\\\/kirjataht-logo-250616-03.svg\",\"width\":1025,\"height\":366,\"caption\":\"Kirjat\u00e4ht O\u00dc\"},\"image\":{\"@id\":\"https:\\\/\\\/kirjataht.ee\\\/#\\\/schema\\\/logo\\\/image\\\/\"},\"sameAs\":[\"https:\\\/\\\/www.facebook.com\\\/kirjataht\\\/\"]}]}<\/script>\n<!-- \/ Yoast SEO plugin. -->","yoast_head_json":{"title":"\u0418\u0441\u043f\u043e\u043b\u044c\u0437\u043e\u0432\u0430\u043d\u0438\u0435 \u043a\u0443\u043a\u0438-\u0444\u0430\u0439\u043b\u043e\u0432 - Kirjat\u00e4ht O\u00dc","robots":{"index":"index","follow":"follow","max-snippet":"max-snippet:-1","max-image-preview":"max-image-preview:large","max-video-preview":"max-video-preview:-1"},"canonical":"https:\/\/kirjataht.ee\/ru\/\u0438\u0441\u043f\u043e\u043b\u044c\u0437\u043e\u0432\u0430\u043d\u0438\u0435-\u043a\u0443\u043a\u0438-\u0444\u0430\u0439\u043b\u043e\u0432\/","og_locale":"ru_RU","og_type":"article","og_title":"\u0418\u0441\u043f\u043e\u043b\u044c\u0437\u043e\u0432\u0430\u043d\u0438\u0435 \u043a\u0443\u043a\u0438-\u0444\u0430\u0439\u043b\u043e\u0432 - Kirjat\u00e4ht O\u00dc","og_url":"https:\/\/kirjataht.ee\/ru\/\u0438\u0441\u043f\u043e\u043b\u044c\u0437\u043e\u0432\u0430\u043d\u0438\u0435-\u043a\u0443\u043a\u0438-\u0444\u0430\u0439\u043b\u043e\u0432\/","og_site_name":"Kirjat\u00e4ht O\u00dc","article_publisher":"https:\/\/www.facebook.com\/kirjataht\/","article_modified_time":"2021-05-03T19:36:31+00:00","twitter_card":"summary_large_image","twitter_misc":{"\u041f\u0440\u0438\u043c\u0435\u0440\u043d\u043e\u0435 \u0432\u0440\u0435\u043c\u044f \u0434\u043b\u044f \u0447\u0442\u0435\u043d\u0438\u044f":"5 \u043c\u0438\u043d\u0443\u0442"},"schema":{"@context":"https:\/\/schema.org","@graph":[{"@type":"WebPage","@id":"https:\/\/kirjataht.ee\/ru\/%d0%b8%d1%81%d0%bf%d0%be%d0%bb%d1%8c%d0%b7%d0%be%d0%b2%d0%b0%d0%bd%d0%b8%d0%b5-%d0%ba%d1%83%d0%ba%d0%b8-%d1%84%d0%b0%d0%b9%d0%bb%d0%be%d0%b2\/","url":"https:\/\/kirjataht.ee\/ru\/%d0%b8%d1%81%d0%bf%d0%be%d0%bb%d1%8c%d0%b7%d0%be%d0%b2%d0%b0%d0%bd%d0%b8%d0%b5-%d0%ba%d1%83%d0%ba%d0%b8-%d1%84%d0%b0%d0%b9%d0%bb%d0%be%d0%b2\/","name":"\u0418\u0441\u043f\u043e\u043b\u044c\u0437\u043e\u0432\u0430\u043d\u0438\u0435 \u043a\u0443\u043a\u0438-\u0444\u0430\u0439\u043b\u043e\u0432 - Kirjat\u00e4ht O\u00dc","isPartOf":{"@id":"https:\/\/kirjataht.ee\/#website"},"datePublished":"2020-10-13T23:32:15+00:00","dateModified":"2021-05-03T19:36:31+00:00","breadcrumb":{"@id":"https:\/\/kirjataht.ee\/ru\/%d0%b8%d1%81%d0%bf%d0%be%d0%bb%d1%8c%d0%b7%d0%be%d0%b2%d0%b0%d0%bd%d0%b8%d0%b5-%d0%ba%d1%83%d0%ba%d0%b8-%d1%84%d0%b0%d0%b9%d0%bb%d0%be%d0%b2\/#breadcrumb"},"inLanguage":"ru-RU","potentialAction":[{"@type":"ReadAction","target":["https:\/\/kirjataht.ee\/ru\/%d0%b8%d1%81%d0%bf%d0%be%d0%bb%d1%8c%d0%b7%d0%be%d0%b2%d0%b0%d0%bd%d0%b8%d0%b5-%d0%ba%d1%83%d0%ba%d0%b8-%d1%84%d0%b0%d0%b9%d0%bb%d0%be%d0%b2\/"]}]},{"@type":"BreadcrumbList","@id":"https:\/\/kirjataht.ee\/ru\/%d0%b8%d1%81%d0%bf%d0%be%d0%bb%d1%8c%d0%b7%d0%be%d0%b2%d0%b0%d0%bd%d0%b8%d0%b5-%d0%ba%d1%83%d0%ba%d0%b8-%d1%84%d0%b0%d0%b9%d0%bb%d0%be%d0%b2\/#breadcrumb","itemListElement":[{"@type":"ListItem","position":1,"name":"Home","item":"https:\/\/kirjataht.ee\/ru\/%d0%b3%d0%bb%d0%b0%d0%b2%d0%bd%d0%b0%d1%8f\/"},{"@type":"ListItem","position":2,"name":"\u0418\u0441\u043f\u043e\u043b\u044c\u0437\u043e\u0432\u0430\u043d\u0438\u0435 \u043a\u0443\u043a\u0438-\u0444\u0430\u0439\u043b\u043e\u0432"}]},{"@type":"WebSite","@id":"https:\/\/kirjataht.ee\/#website","url":"https:\/\/kirjataht.ee\/","name":"Kirjat\u00e4ht O\u00dc","description":"","publisher":{"@id":"https:\/\/kirjataht.ee\/#organization"},"potentialAction":[{"@type":"SearchAction","target":{"@type":"EntryPoint","urlTemplate":"https:\/\/kirjataht.ee\/?s={search_term_string}"},"query-input":{"@type":"PropertyValueSpecification","valueRequired":true,"valueName":"search_term_string"}}],"inLanguage":"ru-RU"},{"@type":"Organization","@id":"https:\/\/kirjataht.ee\/#organization","name":"Kirjat\u00e4ht O\u00dc","url":"https:\/\/kirjataht.ee\/","logo":{"@type":"ImageObject","inLanguage":"ru-RU","@id":"https:\/\/kirjataht.ee\/#\/schema\/logo\/image\/","url":"https:\/\/kirjataht.ee\/wp-content\/uploads\/2025\/06\/kirjataht-logo-250616-03.svg","contentUrl":"https:\/\/kirjataht.ee\/wp-content\/uploads\/2025\/06\/kirjataht-logo-250616-03.svg","width":1025,"height":366,"caption":"Kirjat\u00e4ht O\u00dc"},"image":{"@id":"https:\/\/kirjataht.ee\/#\/schema\/logo\/image\/"},"sameAs":["https:\/\/www.facebook.com\/kirjataht\/"]}]}},"_links":{"self":[{"href":"https:\/\/kirjataht.ee\/ru\/wp-json\/wp\/v2\/pages\/1015","targetHints":{"allow":["GET"]}}],"collection":[{"href":"https:\/\/kirjataht.ee\/ru\/wp-json\/wp\/v2\/pages"}],"about":[{"href":"https:\/\/kirjataht.ee\/ru\/wp-json\/wp\/v2\/types\/page"}],"author":[{"embeddable":true,"href":"https:\/\/kirjataht.ee\/ru\/wp-json\/wp\/v2\/users\/1"}],"replies":[{"embeddable":true,"href":"https:\/\/kirjataht.ee\/ru\/wp-json\/wp\/v2\/comments?post=1015"}],"version-history":[{"count":1,"href":"https:\/\/kirjataht.ee\/ru\/wp-json\/wp\/v2\/pages\/1015\/revisions"}],"predecessor-version":[{"id":1016,"href":"https:\/\/kirjataht.ee\/ru\/wp-json\/wp\/v2\/pages\/1015\/revisions\/1016"}],"wp:attachment":[{"href":"https:\/\/kirjataht.ee\/ru\/wp-json\/wp\/v2\/media?parent=1015"}],"curies":[{"name":"wp","href":"https:\/\/api.w.org\/{rel}","templated":true}]}}