{"id":959,"date":"2021-03-18T13:40:13","date_gmt":"2021-03-18T11:40:13","guid":{"rendered":"https:\/\/kirjataht.ee\/%d1%83%d1%81%d0%bb%d1%83%d0%b3%d0%b8-%d1%86%d0%b5%d0%bd%d1%8b\/"},"modified":"2025-05-21T22:38:34","modified_gmt":"2025-05-21T19:38:34","slug":"palvelut-hinnasto","status":"publish","type":"page","link":"https:\/\/kirjataht.ee\/fi\/palvelut-hinnasto\/","title":{"rendered":"Palvelut \/ hinnasto"},"content":{"rendered":"<div id='av-layout-grid-1'  class='av-layout-grid-container entry-content-wrapper main_color av-flex-cells     avia-builder-el-0  el_before_av_section  avia-builder-el-first  container_wrap fullsize' style=' '  >\n<div class=\"flex_cell no_margin av_one_third  avia-builder-el-1  el_before_av_cell_one_third  avia-builder-el-first   \"  style='background: #0079e4; vertical-align:top; padding:5px; background-color:#0079e4; ' ><div class='flex_cell_inner' ><\/div><\/div><div class=\"flex_cell no_margin av_one_third  avia-builder-el-2  el_after_av_cell_one_third  el_before_av_cell_one_third   \"  style='background: #0058aa; vertical-align:top; padding:5px; background-color:#0058aa; ' ><div class='flex_cell_inner' ><\/div><\/div><div class=\"flex_cell no_margin av_one_third  avia-builder-el-3  el_after_av_cell_one_third  avia-builder-el-last   \"  style='background: #ffcf14; vertical-align:top; padding:5px; background-color:#ffcf14; ' ><div class='flex_cell_inner' ><\/div><\/div>\n<\/div>\n<div id='av_section_1'  class='avia-section main_color avia-section-default avia-no-border-styling  avia-bg-style-scroll  avia-builder-el-4  el_after_av_layout_row  el_before_av_section   container_wrap fullsize' style=' '  ><div class='container' ><div class='template-page content  av-content-full alpha units'><div class='post-entry post-entry-type-page post-entry-959'><div class='entry-content-wrapper clearfix'>\n<div  style='padding-bottom:10px; ' class='av-special-heading av-special-heading-h1  blockquote modern-quote  avia-builder-el-5  el_before_av_hr  avia-builder-el-first  '><h1 class='av-special-heading-tag '  itemprop=\"headline\"  >Palvelut \/ hinnasto<\/h1><div class ='av-subheading av-subheading_below  ' style='font-size:18px;'><p>HINNAKIRI 1AK tunti<\/p>\n<\/div><div class='special-heading-border'><div class='special-heading-inner-border' ><\/div><\/div><\/div>\n<div  style=' margin-top:5px; margin-bottom:10px;'  class='hr hr-custom hr-left hr-icon-no   avia-builder-el-6  el_after_av_heading  avia-builder-el-last '><span class='hr-inner  inner-border-av-border-fat' style=' width:40%; border-color:#0058aa;' ><span class='hr-inner-style'><\/span><\/span><\/div>\n\n<\/div><\/div><\/div><!-- close content main div --><\/div><\/div><div id='av_section_2'  class='avia-section main_color avia-section-no-padding avia-no-border-styling  avia-bg-style-scroll  avia-builder-el-7  el_after_av_section  avia-builder-el-last   container_wrap fullsize' style=' '  ><div class='container' ><div class='template-page content  av-content-full alpha units'><div class='post-entry post-entry-type-page post-entry-959'><div class='entry-content-wrapper clearfix'>\n<div class='avia-data-table-wrap avia_responsive_table'><table  class='avia-table avia-data-table avia-table-1  avia-builder-el-8  el_before_av_button  avia-builder-el-first  avia_pricing_default '  itemscope=\"itemscope\" itemtype=\"https:\/\/schema.org\/Table\" ><tbody><tr class=''><td class=''>Pienryhm\u00e4 opetus 8 ihmiselle<\/td><td class=''>9,60\u20ac + ALV (alkaen 1.07.25 ALV= 24%)<\/td><\/tr><tr class=''><td class=''>Yksityisopetus 4 ihmiselle<\/td><td class=''>15,00\u20ac +ALV (alkaen 1.07.25 ALV= 24%)<\/td><\/tr><tr class=''><td class=''>E-opetus (Skype)<\/td><td class=''>35,00\u20ac +ALV (alkaen 1.07.25 ALV= 24%)<\/td><\/tr><tr class=''><td class=''>Yritysten sis\u00e4iset tunnit<\/td><td class=''>35,00\u20ac +ALV (alkaen 1.07.25 ALV= 24%)<\/td><\/tr><tr class=''><td class=''>Kirjoitusten k\u00e4\u00e4nt\u00e4minen Toimittaminen<\/td><td class=''>20,00\u20ac , 8,09\u20ac +ALV (alkaen 1.07.25 ALV= 24%)<\/td><\/tr><\/tbody><\/table><\/div><style type='text\/css'><\/style>\n<div  class='avia-button-wrap avia-button-left  avia-builder-el-9  el_after_av_table  el_before_av_textblock ' ><a href='mailto:&#109;&#97;&#x69;l&#116;&#x6f;&#x3a;i&#110;&#x66;&#x6f;&#64;&#107;&#x69;&#x72;j&#97;&#x74;&#x61;h&#116;&#x2e;&#x65;e'  class='avia-button av-icon-on-hover avia-color-theme-color   avia-icon_select-yes-right-icon avia-size-large avia-position-left '   ><span class='avia_iconbox_title' >Kysy tarjousta<\/span><span class='avia_button_icon avia_button_icon_right' aria-hidden='true' data-av_icon='\ue805' data-av_iconfont='entypo-fontello'><\/span><\/a><\/div>\n<section class=\"av_textblock_section \"  itemscope=\"itemscope\" itemtype=\"https:\/\/schema.org\/CreativeWork\" ><div class='avia_textblock  '   itemprop=\"text\" ><p>*Hinnasto\u00a0 01.09.2023.<\/p>\n<p>Vieraankielen opetus suoritetaan kolmella peruskielell\u00e4, ven\u00e4j\u00e4, englanti ja suomi.<\/p>\n<p>Yritys on arvonlis\u00e4verollinen, kooti EE101837033 (24.11.2015).<\/p>\n<p>Kanta-asiakkaille alennus \u20135%, (yli)oppilille \u201310%.<\/p>\n<p><strong>Huom! Asiakkaan on velvollisuus maksaa koko kurssista my\u00f6s tapauksissa,<br \/>\njolloin ei osallistuta kaikkiin tunteisiin tai keskeytet\u00e4\u00e4n opinnot.<br \/>\nPoissaoloja ei v\u00e4hennet\u00e4 hinnasta.<\/strong><\/p>\n<p>Maksaminen tapahtuu laskun pohjalta. Maksaa voi koko summan tai alussa laaditun maksuaikataulun mukaisesti. Maksu on suoritettava kymmenen p\u00e4iv\u00e4n aikana er\u00e4p\u00e4iv\u00e4st\u00e4 tai kuun alussa etuk\u00e4teismaksuna.<\/p>\n<\/div><\/section>\n<div  style='height:25px' class='hr hr-invisible   avia-builder-el-11  el_after_av_textblock  avia-builder-el-last '><span class='hr-inner ' ><span class='hr-inner-style'><\/span><\/span><\/div>\n\n","protected":false},"excerpt":{"rendered":"","protected":false},"author":1,"featured_media":0,"parent":0,"menu_order":0,"comment_status":"closed","ping_status":"closed","template":"","meta":{"footnotes":""},"class_list":["post-959","page","type-page","status-publish","hentry"],"yoast_head":"<!-- This site is optimized with the Yoast SEO plugin v27.4 - https:\/\/yoast.com\/product\/yoast-seo-wordpress\/ -->\n<title>Palvelut \/ hinnasto - Kirjat\u00e4ht O\u00dc<\/title>\n<meta name=\"robots\" content=\"index, follow, max-snippet:-1, max-image-preview:large, max-video-preview:-1\" \/>\n<link rel=\"canonical\" href=\"https:\/\/kirjataht.ee\/fi\/palvelut-hinnasto\/\" \/>\n<meta property=\"og:locale\" content=\"fi_FI\" \/>\n<meta property=\"og:type\" content=\"article\" \/>\n<meta property=\"og:title\" content=\"Palvelut \/ hinnasto - Kirjat\u00e4ht O\u00dc\" \/>\n<meta property=\"og:url\" content=\"https:\/\/kirjataht.ee\/fi\/palvelut-hinnasto\/\" \/>\n<meta property=\"og:site_name\" content=\"Kirjat\u00e4ht O\u00dc\" \/>\n<meta property=\"article:publisher\" content=\"https:\/\/www.facebook.com\/kirjataht\/\" \/>\n<meta property=\"article:modified_time\" content=\"2025-05-21T19:38:34+00:00\" \/>\n<meta name=\"twitter:card\" content=\"summary_large_image\" \/>\n<meta name=\"twitter:label1\" content=\"Arvioitu lukuaika\" \/>\n\t<meta name=\"twitter:data1\" content=\"3 minuuttia\" \/>\n<script type=\"application\/ld+json\" class=\"yoast-schema-graph\">{\"@context\":\"https:\\\/\\\/schema.org\",\"@graph\":[{\"@type\":\"WebPage\",\"@id\":\"https:\\\/\\\/kirjataht.ee\\\/fi\\\/palvelut-hinnasto\\\/\",\"url\":\"https:\\\/\\\/kirjataht.ee\\\/fi\\\/palvelut-hinnasto\\\/\",\"name\":\"Palvelut \\\/ hinnasto - Kirjat\u00e4ht O\u00dc\",\"isPartOf\":{\"@id\":\"https:\\\/\\\/kirjataht.ee\\\/#website\"},\"datePublished\":\"2021-03-18T11:40:13+00:00\",\"dateModified\":\"2025-05-21T19:38:34+00:00\",\"breadcrumb\":{\"@id\":\"https:\\\/\\\/kirjataht.ee\\\/fi\\\/palvelut-hinnasto\\\/#breadcrumb\"},\"inLanguage\":\"fi\",\"potentialAction\":[{\"@type\":\"ReadAction\",\"target\":[\"https:\\\/\\\/kirjataht.ee\\\/fi\\\/palvelut-hinnasto\\\/\"]}]},{\"@type\":\"BreadcrumbList\",\"@id\":\"https:\\\/\\\/kirjataht.ee\\\/fi\\\/palvelut-hinnasto\\\/#breadcrumb\",\"itemListElement\":[{\"@type\":\"ListItem\",\"position\":1,\"name\":\"Home\",\"item\":\"https:\\\/\\\/kirjataht.ee\\\/fi\\\/julkisivu\\\/\"},{\"@type\":\"ListItem\",\"position\":2,\"name\":\"Palvelut \\\/ hinnasto\"}]},{\"@type\":\"WebSite\",\"@id\":\"https:\\\/\\\/kirjataht.ee\\\/#website\",\"url\":\"https:\\\/\\\/kirjataht.ee\\\/\",\"name\":\"Kirjat\u00e4ht O\u00dc\",\"description\":\"\",\"publisher\":{\"@id\":\"https:\\\/\\\/kirjataht.ee\\\/#organization\"},\"potentialAction\":[{\"@type\":\"SearchAction\",\"target\":{\"@type\":\"EntryPoint\",\"urlTemplate\":\"https:\\\/\\\/kirjataht.ee\\\/?s={search_term_string}\"},\"query-input\":{\"@type\":\"PropertyValueSpecification\",\"valueRequired\":true,\"valueName\":\"search_term_string\"}}],\"inLanguage\":\"fi\"},{\"@type\":\"Organization\",\"@id\":\"https:\\\/\\\/kirjataht.ee\\\/#organization\",\"name\":\"Kirjat\u00e4ht O\u00dc\",\"url\":\"https:\\\/\\\/kirjataht.ee\\\/\",\"logo\":{\"@type\":\"ImageObject\",\"inLanguage\":\"fi\",\"@id\":\"https:\\\/\\\/kirjataht.ee\\\/#\\\/schema\\\/logo\\\/image\\\/\",\"url\":\"https:\\\/\\\/kirjataht.ee\\\/wp-content\\\/uploads\\\/2025\\\/06\\\/kirjataht-logo-250616-03.svg\",\"contentUrl\":\"https:\\\/\\\/kirjataht.ee\\\/wp-content\\\/uploads\\\/2025\\\/06\\\/kirjataht-logo-250616-03.svg\",\"width\":1025,\"height\":366,\"caption\":\"Kirjat\u00e4ht O\u00dc\"},\"image\":{\"@id\":\"https:\\\/\\\/kirjataht.ee\\\/#\\\/schema\\\/logo\\\/image\\\/\"},\"sameAs\":[\"https:\\\/\\\/www.facebook.com\\\/kirjataht\\\/\"]}]}<\/script>\n<!-- \/ Yoast SEO plugin. -->","yoast_head_json":{"title":"Palvelut \/ hinnasto - Kirjat\u00e4ht O\u00dc","robots":{"index":"index","follow":"follow","max-snippet":"max-snippet:-1","max-image-preview":"max-image-preview:large","max-video-preview":"max-video-preview:-1"},"canonical":"https:\/\/kirjataht.ee\/fi\/palvelut-hinnasto\/","og_locale":"fi_FI","og_type":"article","og_title":"Palvelut \/ hinnasto - Kirjat\u00e4ht O\u00dc","og_url":"https:\/\/kirjataht.ee\/fi\/palvelut-hinnasto\/","og_site_name":"Kirjat\u00e4ht O\u00dc","article_publisher":"https:\/\/www.facebook.com\/kirjataht\/","article_modified_time":"2025-05-21T19:38:34+00:00","twitter_card":"summary_large_image","twitter_misc":{"Arvioitu lukuaika":"3 minuuttia"},"schema":{"@context":"https:\/\/schema.org","@graph":[{"@type":"WebPage","@id":"https:\/\/kirjataht.ee\/fi\/palvelut-hinnasto\/","url":"https:\/\/kirjataht.ee\/fi\/palvelut-hinnasto\/","name":"Palvelut \/ hinnasto - Kirjat\u00e4ht O\u00dc","isPartOf":{"@id":"https:\/\/kirjataht.ee\/#website"},"datePublished":"2021-03-18T11:40:13+00:00","dateModified":"2025-05-21T19:38:34+00:00","breadcrumb":{"@id":"https:\/\/kirjataht.ee\/fi\/palvelut-hinnasto\/#breadcrumb"},"inLanguage":"fi","potentialAction":[{"@type":"ReadAction","target":["https:\/\/kirjataht.ee\/fi\/palvelut-hinnasto\/"]}]},{"@type":"BreadcrumbList","@id":"https:\/\/kirjataht.ee\/fi\/palvelut-hinnasto\/#breadcrumb","itemListElement":[{"@type":"ListItem","position":1,"name":"Home","item":"https:\/\/kirjataht.ee\/fi\/julkisivu\/"},{"@type":"ListItem","position":2,"name":"Palvelut \/ hinnasto"}]},{"@type":"WebSite","@id":"https:\/\/kirjataht.ee\/#website","url":"https:\/\/kirjataht.ee\/","name":"Kirjat\u00e4ht O\u00dc","description":"","publisher":{"@id":"https:\/\/kirjataht.ee\/#organization"},"potentialAction":[{"@type":"SearchAction","target":{"@type":"EntryPoint","urlTemplate":"https:\/\/kirjataht.ee\/?s={search_term_string}"},"query-input":{"@type":"PropertyValueSpecification","valueRequired":true,"valueName":"search_term_string"}}],"inLanguage":"fi"},{"@type":"Organization","@id":"https:\/\/kirjataht.ee\/#organization","name":"Kirjat\u00e4ht O\u00dc","url":"https:\/\/kirjataht.ee\/","logo":{"@type":"ImageObject","inLanguage":"fi","@id":"https:\/\/kirjataht.ee\/#\/schema\/logo\/image\/","url":"https:\/\/kirjataht.ee\/wp-content\/uploads\/2025\/06\/kirjataht-logo-250616-03.svg","contentUrl":"https:\/\/kirjataht.ee\/wp-content\/uploads\/2025\/06\/kirjataht-logo-250616-03.svg","width":1025,"height":366,"caption":"Kirjat\u00e4ht O\u00dc"},"image":{"@id":"https:\/\/kirjataht.ee\/#\/schema\/logo\/image\/"},"sameAs":["https:\/\/www.facebook.com\/kirjataht\/"]}]}},"_links":{"self":[{"href":"https:\/\/kirjataht.ee\/fi\/wp-json\/wp\/v2\/pages\/959","targetHints":{"allow":["GET"]}}],"collection":[{"href":"https:\/\/kirjataht.ee\/fi\/wp-json\/wp\/v2\/pages"}],"about":[{"href":"https:\/\/kirjataht.ee\/fi\/wp-json\/wp\/v2\/types\/page"}],"author":[{"embeddable":true,"href":"https:\/\/kirjataht.ee\/fi\/wp-json\/wp\/v2\/users\/1"}],"replies":[{"embeddable":true,"href":"https:\/\/kirjataht.ee\/fi\/wp-json\/wp\/v2\/comments?post=959"}],"version-history":[{"count":5,"href":"https:\/\/kirjataht.ee\/fi\/wp-json\/wp\/v2\/pages\/959\/revisions"}],"predecessor-version":[{"id":2519,"href":"https:\/\/kirjataht.ee\/fi\/wp-json\/wp\/v2\/pages\/959\/revisions\/2519"}],"wp:attachment":[{"href":"https:\/\/kirjataht.ee\/fi\/wp-json\/wp\/v2\/media?parent=959"}],"curies":[{"name":"wp","href":"https:\/\/api.w.org\/{rel}","templated":true}]}}