{"id":946,"date":"2018-08-07T11:37:09","date_gmt":"2018-08-07T08:37:09","guid":{"rendered":"https:\/\/kirjataht.ee\/%d0%b3%d0%bb%d0%b0%d0%b2%d0%bd%d0%b0%d1%8f\/"},"modified":"2026-01-12T14:02:14","modified_gmt":"2026-01-12T12:02:14","slug":"julkisivu","status":"publish","type":"page","link":"https:\/\/kirjataht.ee\/fi\/","title":{"rendered":"Julkisivu"},"content":{"rendered":"<div id='av_section_1'  class='avia-section header_color avia-section-no-padding avia-no-border-styling  avia-full-stretch av-section-color-overlay-active avia-bg-style-scroll  avia-builder-el-0  el_before_av_section  avia-builder-el-first   av-minimum-height av-minimum-height-75  container_wrap fullsize' style='background-repeat: no-repeat; background-image: url(https:\/\/kirjataht.ee\/wp-content\/uploads\/2020\/11\/header-4.jpg);background-attachment: scroll; background-position: bottom center;  '  data-section-bg-repeat='stretch' data-av_minimum_height_pc='75'><div class='av-section-color-overlay-wrap'><div class='av-section-color-overlay' style='opacity: 0.3; background-color: #ffffff; '><\/div><div class='container' ><main  role=\"main\" itemprop=\"mainContentOfPage\"  class='template-page content  av-content-full alpha units'><div class='post-entry post-entry-type-page post-entry-946'><div class='entry-content-wrapper clearfix'>\n<div class='flex_column_table av-equal-height-column-flextable -flextable' ><div class=\"flex_column av_one_full  av-animated-generic pop-up  flex_column_table_cell av-equal-height-column av-align-middle av-zero-column-padding first  avia-builder-el-1  avia-builder-el-no-sibling  \" style='border-radius:0px; '><p><div  style='padding-bottom:0px; margin:15px 0 0 0; color:#000000;font-size:45px;' class='av-special-heading av-special-heading-h2 custom-color-heading blockquote modern-quote modern-centered  avia-builder-el-2  el_before_av_textblock  avia-builder-el-first  av-inherit-size '><h2 class='av-special-heading-tag  av-medium-font-size-overwrite av-medium-font-size-35 av-small-font-size-overwrite av-small-font-size-25 av-mini-font-size-overwrite av-mini-font-size-20'  itemprop=\"headline\"  >Opetamme seuraavia kieli\u00e4:<\/h2><div class='special-heading-border'><div class='special-heading-inner-border' style='border-color:#000000'><\/div><\/div><\/div><br \/>\n<section class=\"av_textblock_section \"  itemscope=\"itemscope\" itemtype=\"https:\/\/schema.org\/CreativeWork\" ><div class='avia_textblock  av_inherit_color  av-medium-font-size-overwrite av-medium-font-size-20 av-small-font-size-overwrite av-small-font-size-18 av-mini-font-size-overwrite av-mini-font-size-16'  style='font-size:23px; color:#555555; '  itemprop=\"text\" ><p><img loading=\"lazy\" decoding=\"async\" class=\"aligncenter wp-image-1618 size-full\" src=\"https:\/\/kirjataht.ee\/wp-content\/uploads\/2021\/12\/keeled.png\" alt=\"\" width=\"531\" height=\"80\" srcset=\"https:\/\/kirjataht.ee\/wp-content\/uploads\/2021\/12\/keeled.png 531w, https:\/\/kirjataht.ee\/wp-content\/uploads\/2021\/12\/keeled-300x45.png 300w\" sizes=\"auto, (max-width: 531px) 100vw, 531px\" \/><\/p>\n<p style=\"text-align: center;\"><strong>Tervetuloa oppimaan vieraita kieli\u00e4!<\/strong><\/p>\n<p style=\"text-align: center;\">Kielitunnit omaa aikaa ja laatua arvostaville ihmisille ja yrityksille.<br \/>\nOpiskelu Tallinnan keskustasssa Narva mnt 4- 420 ja online.<\/p>\n<p style=\"text-align: center;\">Kirjat\u00e4ht O\u00dc<\/p>\n<\/div><\/section><br \/>\n<div  style='height:100px' class='hr hr-invisible   avia-builder-el-4  el_after_av_textblock  avia-builder-el-last '><span class='hr-inner ' ><span class='hr-inner-style'><\/span><\/span><\/div><\/p><\/div><\/div><!--close column table wrapper. Autoclose: 1 -->\n\n<\/div><\/div><\/main><!-- close content main element --><\/div><\/div><\/div><div id='av_section_2'  class='avia-section main_color avia-section-no-padding avia-no-border-styling  avia-bg-style-scroll  avia-builder-el-5  el_after_av_section  el_before_av_section   av-arrow-down-section container_wrap fullsize' style=' '  ><div class='container' ><div class='template-page content  av-content-full alpha units'><div class='post-entry post-entry-type-page post-entry-946'><div class='entry-content-wrapper clearfix'>\n<section class=\"av_textblock_section \"  itemscope=\"itemscope\" itemtype=\"https:\/\/schema.org\/CreativeWork\" ><div class='avia_textblock  av_inherit_color  av-medium-font-size-overwrite av-medium-font-size-19 av-small-font-size-overwrite av-small-font-size-18 av-mini-font-size-overwrite av-mini-font-size-17'  style='font-size:20px; color:#4a4a4a; '  itemprop=\"text\" ><p style=\"text-align: center;\"><strong>11 vuotta luottamusta!<\/strong><\/p>\n<p style=\"text-align: center;\">Kirjat\u00e4ht O\u00dc on 01.02.2015 perustettu kielikoulu Tallinnassa. Yritys tarjoaa my\u00f6s k\u00e4\u00e4nn\u00f6spalveluita ja tekstien laatimispalvelua. Kirjat\u00e4ht O\u00dc:ss\u00e4 ty\u00f6skentelev\u00e4t vastaavan koulutuksen omaavat kokeneet opettajat, Viron Kielen instituutissa p\u00e4\u00e4toimisesti ty\u00f6skentelev\u00e4 toimittaja.<\/p>\n<p style=\"text-align: center;\">Kirjat\u00e4ht O\u00dc on saanut <a href=\"https:\/\/www.infopank.ee\/infoteated\/160144\/kirjataht-ou-palvis-usaldusvaarne-ettevote-2026-sertifikaadi\" target=\"_blank\" rel=\"noopener\">Luotettava yritys<\/a> -tunnustuksen.<\/p>\n<p style=\"text-align: center;\">Kielikoulu Kirjat\u00e4ht on tarkoitettu omaa aikaa ja laatua arvostaville ihmisille ja yrityksille. Arvostamme jokaista tuntia, jonka olette tilanneet.<br \/>\nSyvent\u00e4v\u00e4t kieliopinnot takaavat teille osaamisen, jonka avulla onnistutte tasokokeissa. Asiakkaamme alkavat puhua nopeasti ja suorittavat kielikokeet vakuuttavasti ja onnistuneesti.<\/p>\n<p style=\"text-align: center;\">Kirjat\u00e4ht O\u00dc tarjoaa viron, suomen, englannin, ven\u00e4j\u00e4n, espanja kielen kursseja. Jokaisen kurssin pituus on 120-210 akateemista tuntia. Kurssista valmistuminen on edellyksen\u00e4 seuraavaan kurssiin.<\/p>\n<p style=\"text-align: center;\">Vaikka oppiminen ja sen nopeus riippuu opiskelijan kyvyst\u00e4 sek\u00e4 motivaatiosta, suosittelemme yhden tason suorittamiseksi 120 (A1-B1-tasoilla) tai 210 (B2-C1 tasoilla) akateemista tuntia.<\/p>\n<p style=\"text-align: center;\">Tunneille lis\u00e4\u00e4ntyv\u00e4t lis\u00e4teht\u00e4v\u00e4t kotona. Hyvin suoritetusta kurssista opiskelijalle annetaan todistus. Mik\u00e4li opiskelijalla on aikaisemmin kurssi j\u00e4\u00e4nyt keskeen sek\u00e4 h\u00e4n haluaa jatkaa tai h\u00e4nen t\u00e4ytyy keskeytt\u00e4\u00e4 kurssi, annetaan h\u00e4nelle kurssista vastaava todiste (ks: (loe\u00a0<a href=\"https:\/\/kirjataht.ee\/wp-content\/uploads\/2019\/01\/Kirjat%C3%A4ht-%C3%B5ppekorralduse-alused_2019.pdf\">\u00d5ppekorralduse alused<\/a>, punkt nr 9 \u201e\u00d5ppija \u00f5igused ja kohustused\u201c (Opiskelija oikeus ja velvollisuus).<\/p>\n<p style=\"text-align: center;\"><a href=\"https:\/\/kirjataht.ee\/eesti-keele-test\/\" target=\"_blank\" rel=\"noopener noreferrer\">Viron kielen test<\/a><\/p>\n<\/div><\/section>\n<div class=\"flex_column av_one_fifth  flex_column_div av-zero-column-padding first  avia-builder-el-7  el_after_av_textblock  el_before_av_one_fifth  column-top-margin\" style='border-radius:0px; '><\/div><div class=\"flex_column av_one_fifth  flex_column_div av-zero-column-padding   avia-builder-el-8  el_after_av_one_fifth  el_before_av_one_fifth  column-top-margin\" style='border-radius:0px; '><div  class='avia-image-container  av-styling-    avia-builder-el-9  avia-builder-el-no-sibling  avia-align-center '  itemprop=\"image\" itemscope=\"itemscope\" itemtype=\"https:\/\/schema.org\/ImageObject\"  ><div class='avia-image-container-inner'><div class='avia-image-overlay-wrap'><a href='https:\/\/kirjataht.ee\/wp-content\/uploads\/2021\/04\/AAA-2021-FIN.pdf' class='avia_image' target=\"_blank\" rel=\"noopener noreferrer\"><img decoding=\"async\" width=\"157\" height=\"136\" class='wp-image-972 avia-img-lazy-loading-not-972 avia_image' src=\"https:\/\/kirjataht.ee\/wp-content\/uploads\/2021\/04\/portrait_b-3.png\" alt='' title=''  itemprop=\"thumbnailUrl\"  \/><\/a><\/div><\/div><\/div><\/div><div class=\"flex_column av_one_fifth  flex_column_div av-zero-column-padding   avia-builder-el-10  el_after_av_one_fifth  el_before_av_one_fifth  column-top-margin\" style='border-radius:0px; '><div  class='avia-image-container  av-styling-    avia-builder-el-11  avia-builder-el-no-sibling  avia-align-center '  itemprop=\"image\" itemscope=\"itemscope\" itemtype=\"https:\/\/schema.org\/ImageObject\"  ><div class='avia-image-container-inner'><div class='avia-image-overlay-wrap'><a href='https:\/\/www.infopank.ee\/en\/company\/160144\/kirjataht-ou' class='avia_image' target=\"_blank\" rel=\"noopener noreferrer\"><img decoding=\"async\" width=\"300\" height=\"265\" class='wp-image-2449 avia-img-lazy-loading-not-2449 avia_image' src=\"https:\/\/kirjataht.ee\/wp-content\/uploads\/2025\/01\/Margis-FIN-300x265.png\" alt='' title='M\u00e4rgis FIN'  itemprop=\"thumbnailUrl\" srcset=\"https:\/\/kirjataht.ee\/wp-content\/uploads\/2025\/01\/Margis-FIN-300x265.png 300w, https:\/\/kirjataht.ee\/wp-content\/uploads\/2025\/01\/Margis-FIN-768x678.png 768w, https:\/\/kirjataht.ee\/wp-content\/uploads\/2025\/01\/Margis-FIN-705x622.png 705w, https:\/\/kirjataht.ee\/wp-content\/uploads\/2025\/01\/Margis-FIN.png 775w\" sizes=\"(max-width: 300px) 100vw, 300px\" \/><\/a><\/div><\/div><\/div><\/div><div class=\"flex_column av_one_fifth  flex_column_div av-zero-column-padding   avia-builder-el-12  el_after_av_one_fifth  el_before_av_one_fifth  column-top-margin\" style='border-radius:0px; '><div  class='avia-image-container  av-styling-    avia-builder-el-13  avia-builder-el-no-sibling  avia-align-center '  itemprop=\"image\" itemscope=\"itemscope\" itemtype=\"https:\/\/schema.org\/ImageObject\"  ><div class='avia-image-container-inner'><div class='avia-image-overlay-wrap'><a href='https:\/\/www.infopank.ee\/en\/company\/160144\/kirjataht-ou' class='avia_image' target=\"_blank\" rel=\"noopener noreferrer\"><img decoding=\"async\" width=\"300\" height=\"300\" class='wp-image-2648 avia-img-lazy-loading-not-2648 avia_image' src=\"https:\/\/kirjataht.ee\/wp-content\/uploads\/2025\/10\/Financial_Exellence_2025_AA-300x300.png\" alt='' title='Financial_Exellence_2025_AA'  itemprop=\"thumbnailUrl\" srcset=\"https:\/\/kirjataht.ee\/wp-content\/uploads\/2025\/10\/Financial_Exellence_2025_AA-300x300.png 300w, https:\/\/kirjataht.ee\/wp-content\/uploads\/2025\/10\/Financial_Exellence_2025_AA-80x80.png 80w, https:\/\/kirjataht.ee\/wp-content\/uploads\/2025\/10\/Financial_Exellence_2025_AA-36x36.png 36w, https:\/\/kirjataht.ee\/wp-content\/uploads\/2025\/10\/Financial_Exellence_2025_AA-180x180.png 180w, https:\/\/kirjataht.ee\/wp-content\/uploads\/2025\/10\/Financial_Exellence_2025_AA.png 591w\" sizes=\"(max-width: 300px) 100vw, 300px\" \/><\/a><\/div><\/div><\/div><\/div><div class=\"flex_column av_one_fifth  flex_column_div av-zero-column-padding   avia-builder-el-14  el_after_av_one_fifth  el_before_av_hr  column-top-margin\" style='border-radius:0px; '><\/div><div  style=' margin-top:20px; margin-bottom:30px;'  class='hr hr-custom hr-center hr-icon-yes   avia-builder-el-15  el_after_av_one_fifth  el_before_av_textblock '><span class='hr-inner  inner-border-av-border-fat' style=' width:50%; border-color:#45c0d6; max-width:45%;' ><span class='hr-inner-style'><\/span><\/span><span class='av-seperator-icon' style='color:rgba(69,192,214,0.68);' aria-hidden='true' data-av_icon='\ue89a' data-av_iconfont='entypo-fontello'><\/span><span class='hr-inner  inner-border-av-border-fat' style=' width:50%; border-color:#45c0d6; max-width:45%;' ><span class='hr-inner-style'><\/span><\/span><\/div>\n<section class=\"av_textblock_section \"  itemscope=\"itemscope\" itemtype=\"https:\/\/schema.org\/CreativeWork\" ><div class='avia_textblock  av_inherit_color '  style='font-size:20px; color:#4a4a4a; '  itemprop=\"text\" ><p style=\"text-align: center;\"><strong>HTM:in koulutuslisenssi<br \/>\n<\/strong><br \/>\nReg kp 28.08.2015<\/p>\n<p style=\"text-align: center;\">1.1-2\/15\/341<\/p>\n<\/div><\/section>\n<\/div><\/div><\/div><!-- close content main div --><\/div><div class='av-extra-border-element border-extra-arrow-down'><div class='av-extra-border-outer'><div class='av-extra-border-inner'  style='background-color:#ffffff;' ><\/div><\/div><\/div><\/div><div id='av_section_3'  class='avia-section main_color avia-section-default avia-no-border-styling  avia-bg-style-scroll  avia-builder-el-17  el_after_av_section  el_before_av_section   av-arrow-down-section container_wrap fullsize' style='background-color: #eeeeee;  '  ><div class='container' ><div class='template-page content  av-content-full alpha units'><div class='post-entry post-entry-type-page post-entry-946'><div class='entry-content-wrapper clearfix'>\n<div class='flex_column_table av-equal-height-column-flextable -flextable' style='margin-top:0px; margin-bottom:30px; '><div class=\"flex_column av_one_third  av-animated-generic pop-up  no_margin flex_column_table_cell av-equal-height-column av-align-middle first  avia-builder-el-18  el_before_av_one_third  avia-builder-el-first  \" style='background: #ffffff; box-shadow: 0 0 5px 0 rgba(0,0,0,0.18); padding:40px; background-color:#ffffff; border-radius:0px; '><div  style='padding-bottom:20px; margin:2.4em 0 0.5em 0; font-size:20px;' class='av-special-heading av-special-heading-h4  blockquote modern-quote modern-centered  avia-builder-el-19  avia-builder-el-no-sibling  av-inherit-size '><h4 class='av-special-heading-tag '  itemprop=\"headline\"  >Tekstien muokkaaminen ja k\u00e4\u00e4nt\u00e4minen<\/h4><div class='special-heading-border'><div class='special-heading-inner-border' ><\/div><\/div><\/div><\/div><div class=\"flex_column av_one_third  no_margin flex_column_table_cell av-equal-height-column av-align-middle   avia-builder-el-20  el_after_av_one_third  el_before_av_one_third  \" style='background-color:#7bb0e7; background:linear-gradient(to bottom right,#7bb0e7,#4ecac2); box-shadow: 0 0 10px 0 rgba(0,0,0,0.18); -webkit-transform: scale(1.1); -ms-transform: scale(1.1); transform: scale(1.1); z-index: 4;padding:40px; border-radius:0px; '><div  style='padding-bottom:20px; margin:2.4em 0 0.5em 0; color:#ffffff;font-size:20px;' class='av-special-heading av-special-heading-h4 custom-color-heading blockquote modern-quote modern-centered  avia-builder-el-21  avia-builder-el-no-sibling  av-inherit-size '><h4 class='av-special-heading-tag '  itemprop=\"headline\"  >Vieraan kielen opetus<\/h4><div class='special-heading-border'><div class='special-heading-inner-border' style='border-color:#ffffff'><\/div><\/div><\/div><\/div><div class=\"flex_column av_one_third  av-animated-generic pop-up  no_margin flex_column_table_cell av-equal-height-column av-align-middle   avia-builder-el-22  el_after_av_one_third  avia-builder-el-last  \" style='background: #ffffff; box-shadow: 0 0 5px 0 rgba(0,0,0,0.18); padding:40px; background-color:#ffffff; border-radius:0px; '><div  style='padding-bottom:20px; margin:2.4em 0 0.5em 0; font-size:20px;' class='av-special-heading av-special-heading-h4  blockquote modern-quote modern-centered  avia-builder-el-23  avia-builder-el-no-sibling  av-inherit-size '><h4 class='av-special-heading-tag '  itemprop=\"headline\"  >Valmistautuminen eestin kielen tasokokeeseen<\/h4><div class='special-heading-border'><div class='special-heading-inner-border' ><\/div><\/div><\/div><\/div><\/div><!--close column table wrapper. Autoclose: 1 -->\n<\/p>\n<\/div><\/div><\/div><!-- close content main div --><\/div><div class='av-extra-border-element border-extra-arrow-down'><div class='av-extra-border-outer'><div class='av-extra-border-inner'  style='background-color:#eeeeee;' ><\/div><\/div><\/div><\/div><div id='av_section_4'  class='avia-section main_color avia-section-default avia-no-border-styling  avia-bg-style-scroll  avia-builder-el-24  el_after_av_section  avia-builder-el-last   container_wrap fullsize' style=' '  ><div class='container' ><div class='template-page content  av-content-full alpha units'><div class='post-entry post-entry-type-page post-entry-946'><div class='entry-content-wrapper clearfix'>\n<div  style='padding-bottom:10px; margin:0 0 0 0; font-size:50px;' class='av-special-heading av-special-heading-h3  blockquote modern-quote modern-centered  avia-builder-el-25  el_before_av_one_full  avia-builder-el-first  av-inherit-size '><h3 class='av-special-heading-tag  av-medium-font-size-overwrite av-medium-font-size-40 av-small-font-size-overwrite av-small-font-size-35 av-mini-font-size-overwrite av-mini-font-size-30'  itemprop=\"headline\"  >Yhteisty\u00f6kumppanit<\/h3><div class='special-heading-border'><div class='special-heading-inner-border' ><\/div><\/div><\/div>\n<div class=\"flex_column av_one_full  av-animated-generic pop-up  flex_column_div av-zero-column-padding first  avia-builder-el-26  el_after_av_heading  avia-builder-el-last  \" style='border-radius:0px; '><div   data-autoplay='false'  data-interval='5'  data-animation='slide'  class='avia-logo-element-container av-border-deactivate avia-logo-grid avia-content-slider avia-smallarrow-slider avia-content-grid-active noHover avia-content-slider1 avia-content-slider-odd  avia-builder-el-27  avia-builder-el-no-sibling  ' ><div class='avia-smallarrow-slider-heading  no-logo-slider-heading '><div class='new-special-heading'>&nbsp;<\/div><\/div><div class='avia-content-slider-inner'><div class='slide-entry-wrap' ><div  class='slide-entry flex_column no_margin post-entry slide-entry-overview slide-loop-1 slide-parity-odd  av_one_fifth first real-thumbnail'><img decoding=\"async\" width=\"277\" height=\"98\" src=\"https:\/\/kirjataht.ee\/wp-content\/uploads\/2020\/11\/tu-raamatukogu-logo-1-1.png\" class=\"wp-image-845 avia-img-lazy-loading-not-845 attachment-no scaling size-no scaling\" alt=\"\" \/><\/div><div  class='slide-entry flex_column no_margin post-entry slide-entry-overview slide-loop-2 slide-parity-even  av_one_fifth  real-thumbnail'><img decoding=\"async\" width=\"277\" height=\"98\" src=\"https:\/\/kirjataht.ee\/wp-content\/uploads\/2020\/11\/bolt-logo-1-366x176-2.png\" class=\"wp-image-836 avia-img-lazy-loading-not-836 attachment-no scaling size-no scaling\" alt=\"\" \/><\/div><div  class='slide-entry flex_column no_margin post-entry slide-entry-overview slide-loop-3 slide-parity-odd  av_one_fifth  real-thumbnail'><img decoding=\"async\" width=\"277\" height=\"98\" src=\"https:\/\/kirjataht.ee\/wp-content\/uploads\/2020\/11\/bigbank-1.jpg\" class=\"wp-image-833 avia-img-lazy-loading-not-833 attachment-no scaling size-no scaling\" alt=\"\" \/><\/div><div  class='slide-entry flex_column no_margin post-entry slide-entry-overview slide-loop-4 slide-parity-even  post-entry-last  av_one_fifth  real-thumbnail'><img decoding=\"async\" width=\"277\" height=\"98\" src=\"https:\/\/kirjataht.ee\/wp-content\/uploads\/2021\/01\/EKI.png\" class=\"wp-image-896 avia-img-lazy-loading-not-896 attachment-no scaling size-no scaling\" alt=\"\" \/><\/div><\/div><\/div><\/div><\/div>\n\n","protected":false},"excerpt":{"rendered":"","protected":false},"author":1,"featured_media":0,"parent":0,"menu_order":0,"comment_status":"closed","ping_status":"closed","template":"","meta":{"footnotes":""},"class_list":["post-946","page","type-page","status-publish","hentry"],"yoast_head":"<!-- This site is optimized with the Yoast SEO plugin v27.4 - https:\/\/yoast.com\/product\/yoast-seo-wordpress\/ -->\n<title>Julkisivu - Kirjat\u00e4ht O\u00dc<\/title>\n<meta name=\"robots\" content=\"index, follow, max-snippet:-1, max-image-preview:large, max-video-preview:-1\" \/>\n<link rel=\"canonical\" href=\"https:\/\/kirjataht.ee\/fi\/julkisivu\/\" \/>\n<meta property=\"og:locale\" content=\"fi_FI\" \/>\n<meta property=\"og:type\" content=\"article\" \/>\n<meta property=\"og:title\" content=\"Julkisivu - Kirjat\u00e4ht O\u00dc\" \/>\n<meta property=\"og:url\" content=\"https:\/\/kirjataht.ee\/fi\/julkisivu\/\" \/>\n<meta property=\"og:site_name\" content=\"Kirjat\u00e4ht O\u00dc\" \/>\n<meta property=\"article:publisher\" content=\"https:\/\/www.facebook.com\/kirjataht\/\" \/>\n<meta property=\"article:modified_time\" content=\"2026-01-12T12:02:14+00:00\" \/>\n<meta property=\"og:image\" content=\"https:\/\/kirjataht.ee\/wp-content\/uploads\/2021\/12\/keeled.png\" \/>\n\t<meta property=\"og:image:width\" content=\"531\" \/>\n\t<meta property=\"og:image:height\" content=\"80\" \/>\n\t<meta property=\"og:image:type\" content=\"image\/png\" \/>\n<meta name=\"twitter:card\" content=\"summary_large_image\" \/>\n<meta name=\"twitter:label1\" content=\"Arvioitu lukuaika\" \/>\n\t<meta name=\"twitter:data1\" content=\"7 minuuttia\" \/>\n<script type=\"application\/ld+json\" class=\"yoast-schema-graph\">{\"@context\":\"https:\\\/\\\/schema.org\",\"@graph\":[{\"@type\":\"WebPage\",\"@id\":\"https:\\\/\\\/kirjataht.ee\\\/fi\\\/julkisivu\\\/\",\"url\":\"https:\\\/\\\/kirjataht.ee\\\/fi\\\/julkisivu\\\/\",\"name\":\"Julkisivu - Kirjat\u00e4ht O\u00dc\",\"isPartOf\":{\"@id\":\"https:\\\/\\\/kirjataht.ee\\\/#website\"},\"primaryImageOfPage\":{\"@id\":\"https:\\\/\\\/kirjataht.ee\\\/fi\\\/julkisivu\\\/#primaryimage\"},\"image\":{\"@id\":\"https:\\\/\\\/kirjataht.ee\\\/fi\\\/julkisivu\\\/#primaryimage\"},\"thumbnailUrl\":\"https:\\\/\\\/kirjataht.ee\\\/wp-content\\\/uploads\\\/2021\\\/12\\\/keeled.png\",\"datePublished\":\"2018-08-07T08:37:09+00:00\",\"dateModified\":\"2026-01-12T12:02:14+00:00\",\"breadcrumb\":{\"@id\":\"https:\\\/\\\/kirjataht.ee\\\/fi\\\/julkisivu\\\/#breadcrumb\"},\"inLanguage\":\"fi\",\"potentialAction\":[{\"@type\":\"ReadAction\",\"target\":[\"https:\\\/\\\/kirjataht.ee\\\/fi\\\/julkisivu\\\/\"]}]},{\"@type\":\"ImageObject\",\"inLanguage\":\"fi\",\"@id\":\"https:\\\/\\\/kirjataht.ee\\\/fi\\\/julkisivu\\\/#primaryimage\",\"url\":\"https:\\\/\\\/kirjataht.ee\\\/wp-content\\\/uploads\\\/2021\\\/12\\\/keeled.png\",\"contentUrl\":\"https:\\\/\\\/kirjataht.ee\\\/wp-content\\\/uploads\\\/2021\\\/12\\\/keeled.png\"},{\"@type\":\"BreadcrumbList\",\"@id\":\"https:\\\/\\\/kirjataht.ee\\\/fi\\\/julkisivu\\\/#breadcrumb\",\"itemListElement\":[{\"@type\":\"ListItem\",\"position\":1,\"name\":\"Home\",\"item\":\"https:\\\/\\\/kirjataht.ee\\\/fi\\\/julkisivu\\\/\"},{\"@type\":\"ListItem\",\"position\":2,\"name\":\"Julkisivu\"}]},{\"@type\":\"WebSite\",\"@id\":\"https:\\\/\\\/kirjataht.ee\\\/#website\",\"url\":\"https:\\\/\\\/kirjataht.ee\\\/\",\"name\":\"Kirjat\u00e4ht O\u00dc\",\"description\":\"\",\"publisher\":{\"@id\":\"https:\\\/\\\/kirjataht.ee\\\/#organization\"},\"potentialAction\":[{\"@type\":\"SearchAction\",\"target\":{\"@type\":\"EntryPoint\",\"urlTemplate\":\"https:\\\/\\\/kirjataht.ee\\\/?s={search_term_string}\"},\"query-input\":{\"@type\":\"PropertyValueSpecification\",\"valueRequired\":true,\"valueName\":\"search_term_string\"}}],\"inLanguage\":\"fi\"},{\"@type\":\"Organization\",\"@id\":\"https:\\\/\\\/kirjataht.ee\\\/#organization\",\"name\":\"Kirjat\u00e4ht O\u00dc\",\"url\":\"https:\\\/\\\/kirjataht.ee\\\/\",\"logo\":{\"@type\":\"ImageObject\",\"inLanguage\":\"fi\",\"@id\":\"https:\\\/\\\/kirjataht.ee\\\/#\\\/schema\\\/logo\\\/image\\\/\",\"url\":\"https:\\\/\\\/kirjataht.ee\\\/wp-content\\\/uploads\\\/2025\\\/06\\\/kirjataht-logo-250616-03.svg\",\"contentUrl\":\"https:\\\/\\\/kirjataht.ee\\\/wp-content\\\/uploads\\\/2025\\\/06\\\/kirjataht-logo-250616-03.svg\",\"width\":1025,\"height\":366,\"caption\":\"Kirjat\u00e4ht O\u00dc\"},\"image\":{\"@id\":\"https:\\\/\\\/kirjataht.ee\\\/#\\\/schema\\\/logo\\\/image\\\/\"},\"sameAs\":[\"https:\\\/\\\/www.facebook.com\\\/kirjataht\\\/\"]}]}<\/script>\n<!-- \/ Yoast SEO plugin. -->","yoast_head_json":{"title":"Julkisivu - Kirjat\u00e4ht O\u00dc","robots":{"index":"index","follow":"follow","max-snippet":"max-snippet:-1","max-image-preview":"max-image-preview:large","max-video-preview":"max-video-preview:-1"},"canonical":"https:\/\/kirjataht.ee\/fi\/julkisivu\/","og_locale":"fi_FI","og_type":"article","og_title":"Julkisivu - Kirjat\u00e4ht O\u00dc","og_url":"https:\/\/kirjataht.ee\/fi\/julkisivu\/","og_site_name":"Kirjat\u00e4ht O\u00dc","article_publisher":"https:\/\/www.facebook.com\/kirjataht\/","article_modified_time":"2026-01-12T12:02:14+00:00","og_image":[{"width":531,"height":80,"url":"https:\/\/kirjataht.ee\/wp-content\/uploads\/2021\/12\/keeled.png","type":"image\/png"}],"twitter_card":"summary_large_image","twitter_misc":{"Arvioitu lukuaika":"7 minuuttia"},"schema":{"@context":"https:\/\/schema.org","@graph":[{"@type":"WebPage","@id":"https:\/\/kirjataht.ee\/fi\/julkisivu\/","url":"https:\/\/kirjataht.ee\/fi\/julkisivu\/","name":"Julkisivu - Kirjat\u00e4ht O\u00dc","isPartOf":{"@id":"https:\/\/kirjataht.ee\/#website"},"primaryImageOfPage":{"@id":"https:\/\/kirjataht.ee\/fi\/julkisivu\/#primaryimage"},"image":{"@id":"https:\/\/kirjataht.ee\/fi\/julkisivu\/#primaryimage"},"thumbnailUrl":"https:\/\/kirjataht.ee\/wp-content\/uploads\/2021\/12\/keeled.png","datePublished":"2018-08-07T08:37:09+00:00","dateModified":"2026-01-12T12:02:14+00:00","breadcrumb":{"@id":"https:\/\/kirjataht.ee\/fi\/julkisivu\/#breadcrumb"},"inLanguage":"fi","potentialAction":[{"@type":"ReadAction","target":["https:\/\/kirjataht.ee\/fi\/julkisivu\/"]}]},{"@type":"ImageObject","inLanguage":"fi","@id":"https:\/\/kirjataht.ee\/fi\/julkisivu\/#primaryimage","url":"https:\/\/kirjataht.ee\/wp-content\/uploads\/2021\/12\/keeled.png","contentUrl":"https:\/\/kirjataht.ee\/wp-content\/uploads\/2021\/12\/keeled.png"},{"@type":"BreadcrumbList","@id":"https:\/\/kirjataht.ee\/fi\/julkisivu\/#breadcrumb","itemListElement":[{"@type":"ListItem","position":1,"name":"Home","item":"https:\/\/kirjataht.ee\/fi\/julkisivu\/"},{"@type":"ListItem","position":2,"name":"Julkisivu"}]},{"@type":"WebSite","@id":"https:\/\/kirjataht.ee\/#website","url":"https:\/\/kirjataht.ee\/","name":"Kirjat\u00e4ht O\u00dc","description":"","publisher":{"@id":"https:\/\/kirjataht.ee\/#organization"},"potentialAction":[{"@type":"SearchAction","target":{"@type":"EntryPoint","urlTemplate":"https:\/\/kirjataht.ee\/?s={search_term_string}"},"query-input":{"@type":"PropertyValueSpecification","valueRequired":true,"valueName":"search_term_string"}}],"inLanguage":"fi"},{"@type":"Organization","@id":"https:\/\/kirjataht.ee\/#organization","name":"Kirjat\u00e4ht O\u00dc","url":"https:\/\/kirjataht.ee\/","logo":{"@type":"ImageObject","inLanguage":"fi","@id":"https:\/\/kirjataht.ee\/#\/schema\/logo\/image\/","url":"https:\/\/kirjataht.ee\/wp-content\/uploads\/2025\/06\/kirjataht-logo-250616-03.svg","contentUrl":"https:\/\/kirjataht.ee\/wp-content\/uploads\/2025\/06\/kirjataht-logo-250616-03.svg","width":1025,"height":366,"caption":"Kirjat\u00e4ht O\u00dc"},"image":{"@id":"https:\/\/kirjataht.ee\/#\/schema\/logo\/image\/"},"sameAs":["https:\/\/www.facebook.com\/kirjataht\/"]}]}},"_links":{"self":[{"href":"https:\/\/kirjataht.ee\/fi\/wp-json\/wp\/v2\/pages\/946","targetHints":{"allow":["GET"]}}],"collection":[{"href":"https:\/\/kirjataht.ee\/fi\/wp-json\/wp\/v2\/pages"}],"about":[{"href":"https:\/\/kirjataht.ee\/fi\/wp-json\/wp\/v2\/types\/page"}],"author":[{"embeddable":true,"href":"https:\/\/kirjataht.ee\/fi\/wp-json\/wp\/v2\/users\/1"}],"replies":[{"embeddable":true,"href":"https:\/\/kirjataht.ee\/fi\/wp-json\/wp\/v2\/comments?post=946"}],"version-history":[{"count":5,"href":"https:\/\/kirjataht.ee\/fi\/wp-json\/wp\/v2\/pages\/946\/revisions"}],"predecessor-version":[{"id":2685,"href":"https:\/\/kirjataht.ee\/fi\/wp-json\/wp\/v2\/pages\/946\/revisions\/2685"}],"wp:attachment":[{"href":"https:\/\/kirjataht.ee\/fi\/wp-json\/wp\/v2\/media?parent=946"}],"curies":[{"name":"wp","href":"https:\/\/api.w.org\/{rel}","templated":true}]}}